{"id":302,"date":"2026-04-11T19:03:20","date_gmt":"2026-04-11T19:03:20","guid":{"rendered":"https:\/\/lemonde.azdigi.shop\/?post_type=product&#038;p=302"},"modified":"2026-04-11T19:03:21","modified_gmt":"2026-04-11T19:03:21","slug":"ban-choi-game-dxracer-nex-tg-gdn001-ns-1","status":"publish","type":"product","link":"https:\/\/lemonde.azdigi.shop\/?product=ban-choi-game-dxracer-nex-tg-gdn001-ns-1","title":{"rendered":"B\u00e0n ch\u01a1i game DXRacer NEX TG-GDN001-NS-1"},"content":{"rendered":"<p><strong>Th\u00f4ng s\u1ed1 k\u1ef9 thu\u1eadt:<\/strong><\/p>\n<div class=\"scroll-table\">\n<table id=\"tblGeneralAttribute\" class=\"table table-bordered\" style=\"height: 413px;\" border=\"1\" width=\"487\" cellspacing=\"0\" cellpadding=\"3\">\n<tbody>\n<tr class=\"row-info\">\n<td>H\u00e3ng s\u1ea3n xu\u1ea5t:<\/td>\n<td>DXRacer<\/td>\n<\/tr>\n<tr class=\"row-info\">\n<td>Model:<\/td>\n<td>NEXTG-GDN001-NS-1<\/td>\n<\/tr>\n<tr class=\"row-info\">\n<td>M\u00e0u:<\/td>\n<td>\u0110en + Xanh + B\u1ea1c<\/td>\n<\/tr>\n<tr class=\"row-info\">\n<td>Ch\u00e2n b\u00e0n:<\/td>\n<td>H\u1ee3p kim nh\u00f4m m\u00e0u b\u1ea1c<\/td>\n<\/tr>\n<tr class=\"row-info\">\n<td>M\u1eb7t b\u00e0n:<\/td>\n<td>P2PB, b\u1ec1 m\u1eb7t ph\u1ee7 v\u00e2n carbon<\/td>\n<\/tr>\n<tr class=\"row-info\">\n<td>Ph\u1ea7n trang tr\u00ed:<\/td>\n<td>Bao quanh b\u00e0n \u0111\u01b0\u1ee3c l\u00e0m b\u1eb1ng nh\u1ef1a ABS<\/td>\n<\/tr>\n<tr class=\"row-info\">\n<td>LED:<\/td>\n<td>\n<ul>\n<li>LED RGB 6 v\u1ecb tr\u00ed<\/li>\n<li>K\u1ebft n\u1ed1i th\u00f4ng qua USB<\/li>\n<li>C\u00f3 n\u00fat \u0111i\u1ec1u ch\u1ec9nh LED<\/li>\n<\/ul>\n<\/td>\n<\/tr>\n<tr class=\"row-info\">\n<td>H\u1ed7 tr\u1ee3 \u0111i d\u00e2y:<\/td>\n<td>C\u00f3 2 l\u1ed7 \u0111i d\u00e2y \u1edf 2 b\u00ean g\u00f3c b\u00e0n (\u0111i k\u00e8m n\u1eafp \u0111\u1eady)<\/td>\n<\/tr>\n<tr class=\"row-info\">\n<td>K\u00edch th\u01b0\u1edbc:<\/td>\n<td>\n<ul>\n<li>Ngang 1190 mm<\/li>\n<li>R\u1ed9ng 640 mm<\/li>\n<li>Cao 770 mm<\/li>\n<\/ul>\n<\/td>\n<\/tr>\n<\/tbody>\n<\/table>\n<\/div>\n","protected":false},"excerpt":{"rendered":"<p>DXRacer l\u00e0 m\u1ed9t trong nh\u1eefng h\u00e3ng s\u1ea3n xu\u1ea5t chuy\u00ean cung c\u1ea5p c\u00e1c thi\u1ebft b\u1ecb b\u00e0n,\u00a0<a title=\"gh\u1ebf gaming\" href=\"https:\/\/gearvn.com\/collections\/ghe-choi-game\">gh\u1ebf gaming<\/a>\u00a0v\u00f4 c\u00f9ng ch\u1ea5t l\u01b0\u1ee3ng, cao c\u1ea5p \u0111\u01b0\u1ee3c nhi\u1ec1u ng\u01b0\u1eddi ti\u00eau d\u00f9ng \u0111\u00e1nh gi\u00e1 cao v\u1ec1 ch\u1ea5t l\u01b0\u1ee3ng c\u0169ng nh\u01b0 thi\u1ebft k\u1ebf trong \u0111\u00f3 DXRacer NEXTG-GDN001-NS-1 l\u00e0 m\u1ed9t trong nh\u1eefng d\u00f2ng s\u1ea3n ph\u1ea9m m\u1edbi nh\u1ea5t.<\/p>\n","protected":false},"featured_media":305,"comment_status":"open","ping_status":"closed","template":"","meta":[],"product_brand":[],"product_cat":[53],"product_tag":[58,56],"class_list":{"0":"post-302","1":"product","2":"type-product","3":"status-publish","4":"has-post-thumbnail","6":"product_cat-ban-ghe","7":"product_tag-ban","8":"product_tag-ban-ghe","10":"first","11":"instock","12":"sale","13":"taxable","14":"shipping-taxable","15":"purchasable","16":"product-type-simple"},"yoast_head":"<!-- This site is optimized with the Yoast SEO plugin v27.2 - https:\/\/yoast.com\/product\/yoast-seo-wordpress\/ -->\n<title>B\u00e0n ch\u01a1i game DXRacer NEX TG-GDN001-NS-1 - Le Monde<\/title>\n<meta name=\"robots\" content=\"noindex, follow, max-snippet:-1, max-image-preview:large, max-video-preview:-1\" \/>\n<meta property=\"og:locale\" content=\"vi_VN\" \/>\n<meta property=\"og:type\" content=\"article\" \/>\n<meta property=\"og:title\" content=\"B\u00e0n ch\u01a1i game DXRacer NEX TG-GDN001-NS-1 - Le Monde\" \/>\n<meta property=\"og:description\" content=\"DXRacer l\u00e0 m\u1ed9t trong nh\u1eefng h\u00e3ng s\u1ea3n xu\u1ea5t chuy\u00ean cung c\u1ea5p c\u00e1c thi\u1ebft b\u1ecb b\u00e0n,\u00a0gh\u1ebf gaming\u00a0v\u00f4 c\u00f9ng ch\u1ea5t l\u01b0\u1ee3ng, cao c\u1ea5p \u0111\u01b0\u1ee3c nhi\u1ec1u ng\u01b0\u1eddi ti\u00eau d\u00f9ng \u0111\u00e1nh gi\u00e1 cao v\u1ec1 ch\u1ea5t l\u01b0\u1ee3ng c\u0169ng nh\u01b0 thi\u1ebft k\u1ebf trong \u0111\u00f3 DXRacer NEXTG-GDN001-NS-1 l\u00e0 m\u1ed9t trong nh\u1eefng d\u00f2ng s\u1ea3n ph\u1ea9m m\u1edbi nh\u1ea5t.\" \/>\n<meta property=\"og:url\" content=\"https:\/\/lemonde.azdigi.shop\/?product=ban-choi-game-dxracer-nex-tg-gdn001-ns-1\" \/>\n<meta property=\"og:site_name\" content=\"Le Monde\" \/>\n<meta property=\"article:modified_time\" content=\"2026-04-11T19:03:21+00:00\" \/>\n<meta property=\"og:image\" content=\"https:\/\/lemonde.azdigi.shop\/wp-content\/uploads\/2026\/04\/12237_5d1ffaac580842d38d478aca5b51228c_ad2d4856e14a4c949a115a87b6f1be00_master.png\" \/>\n\t<meta property=\"og:image:width\" content=\"1000\" \/>\n\t<meta property=\"og:image:height\" content=\"695\" \/>\n\t<meta property=\"og:image:type\" content=\"image\/png\" \/>\n<meta name=\"twitter:card\" content=\"summary_large_image\" \/>\n<meta name=\"twitter:label1\" content=\"\u01af\u1edbc t\u00ednh th\u1eddi gian \u0111\u1ecdc\" \/>\n\t<meta name=\"twitter:data1\" content=\"1 ph\u00fat\" \/>\n<script type=\"application\/ld+json\" class=\"yoast-schema-graph\">{\"@context\":\"https:\/\/schema.org\",\"@graph\":[{\"@type\":\"WebPage\",\"@id\":\"https:\/\/lemonde.azdigi.shop\/?product=ban-choi-game-dxracer-nex-tg-gdn001-ns-1\",\"url\":\"https:\/\/lemonde.azdigi.shop\/?product=ban-choi-game-dxracer-nex-tg-gdn001-ns-1\",\"name\":\"B\u00e0n ch\u01a1i game DXRacer NEX TG-GDN001-NS-1 - Le Monde\",\"isPartOf\":{\"@id\":\"https:\/\/lemonde.azdigi.shop\/#website\"},\"primaryImageOfPage\":{\"@id\":\"https:\/\/lemonde.azdigi.shop\/?product=ban-choi-game-dxracer-nex-tg-gdn001-ns-1#primaryimage\"},\"image\":{\"@id\":\"https:\/\/lemonde.azdigi.shop\/?product=ban-choi-game-dxracer-nex-tg-gdn001-ns-1#primaryimage\"},\"thumbnailUrl\":\"https:\/\/lemonde.azdigi.shop\/wp-content\/uploads\/2026\/04\/12237_5d1ffaac580842d38d478aca5b51228c_ad2d4856e14a4c949a115a87b6f1be00_master.png\",\"datePublished\":\"2026-04-11T19:03:20+00:00\",\"dateModified\":\"2026-04-11T19:03:21+00:00\",\"breadcrumb\":{\"@id\":\"https:\/\/lemonde.azdigi.shop\/?product=ban-choi-game-dxracer-nex-tg-gdn001-ns-1#breadcrumb\"},\"inLanguage\":\"vi\",\"potentialAction\":[{\"@type\":\"ReadAction\",\"target\":[\"https:\/\/lemonde.azdigi.shop\/?product=ban-choi-game-dxracer-nex-tg-gdn001-ns-1\"]}]},{\"@type\":\"ImageObject\",\"inLanguage\":\"vi\",\"@id\":\"https:\/\/lemonde.azdigi.shop\/?product=ban-choi-game-dxracer-nex-tg-gdn001-ns-1#primaryimage\",\"url\":\"https:\/\/lemonde.azdigi.shop\/wp-content\/uploads\/2026\/04\/12237_5d1ffaac580842d38d478aca5b51228c_ad2d4856e14a4c949a115a87b6f1be00_master.png\",\"contentUrl\":\"https:\/\/lemonde.azdigi.shop\/wp-content\/uploads\/2026\/04\/12237_5d1ffaac580842d38d478aca5b51228c_ad2d4856e14a4c949a115a87b6f1be00_master.png\",\"width\":1000,\"height\":695},{\"@type\":\"BreadcrumbList\",\"@id\":\"https:\/\/lemonde.azdigi.shop\/?product=ban-choi-game-dxracer-nex-tg-gdn001-ns-1#breadcrumb\",\"itemListElement\":[{\"@type\":\"ListItem\",\"position\":1,\"name\":\"Trang ch\u1ee7\",\"item\":\"https:\/\/lemonde.azdigi.shop\/\"},{\"@type\":\"ListItem\",\"position\":2,\"name\":\"C\u1eeda h\u00e0ng\",\"item\":\"https:\/\/lemonde.azdigi.shop\/?page_id=65\"},{\"@type\":\"ListItem\",\"position\":3,\"name\":\"B\u00e0n ch\u01a1i game DXRacer NEX TG-GDN001-NS-1\"}]},{\"@type\":\"WebSite\",\"@id\":\"https:\/\/lemonde.azdigi.shop\/#website\",\"url\":\"https:\/\/lemonde.azdigi.shop\/\",\"name\":\"Le Monde\",\"description\":\"\",\"potentialAction\":[{\"@type\":\"SearchAction\",\"target\":{\"@type\":\"EntryPoint\",\"urlTemplate\":\"https:\/\/lemonde.azdigi.shop\/?s={search_term_string}\"},\"query-input\":{\"@type\":\"PropertyValueSpecification\",\"valueRequired\":true,\"valueName\":\"search_term_string\"}}],\"inLanguage\":\"vi\"}]}<\/script>\n<!-- \/ Yoast SEO plugin. -->","yoast_head_json":{"title":"B\u00e0n ch\u01a1i game DXRacer NEX TG-GDN001-NS-1 - Le Monde","robots":{"index":"noindex","follow":"follow","max-snippet":"max-snippet:-1","max-image-preview":"max-image-preview:large","max-video-preview":"max-video-preview:-1"},"og_locale":"vi_VN","og_type":"article","og_title":"B\u00e0n ch\u01a1i game DXRacer NEX TG-GDN001-NS-1 - Le Monde","og_description":"DXRacer l\u00e0 m\u1ed9t trong nh\u1eefng h\u00e3ng s\u1ea3n xu\u1ea5t chuy\u00ean cung c\u1ea5p c\u00e1c thi\u1ebft b\u1ecb b\u00e0n,\u00a0gh\u1ebf gaming\u00a0v\u00f4 c\u00f9ng ch\u1ea5t l\u01b0\u1ee3ng, cao c\u1ea5p \u0111\u01b0\u1ee3c nhi\u1ec1u ng\u01b0\u1eddi ti\u00eau d\u00f9ng \u0111\u00e1nh gi\u00e1 cao v\u1ec1 ch\u1ea5t l\u01b0\u1ee3ng c\u0169ng nh\u01b0 thi\u1ebft k\u1ebf trong \u0111\u00f3 DXRacer NEXTG-GDN001-NS-1 l\u00e0 m\u1ed9t trong nh\u1eefng d\u00f2ng s\u1ea3n ph\u1ea9m m\u1edbi nh\u1ea5t.","og_url":"https:\/\/lemonde.azdigi.shop\/?product=ban-choi-game-dxracer-nex-tg-gdn001-ns-1","og_site_name":"Le Monde","article_modified_time":"2026-04-11T19:03:21+00:00","og_image":[{"width":1000,"height":695,"url":"https:\/\/lemonde.azdigi.shop\/wp-content\/uploads\/2026\/04\/12237_5d1ffaac580842d38d478aca5b51228c_ad2d4856e14a4c949a115a87b6f1be00_master.png","type":"image\/png"}],"twitter_card":"summary_large_image","twitter_misc":{"\u01af\u1edbc t\u00ednh th\u1eddi gian \u0111\u1ecdc":"1 ph\u00fat"},"schema":{"@context":"https:\/\/schema.org","@graph":[{"@type":"WebPage","@id":"https:\/\/lemonde.azdigi.shop\/?product=ban-choi-game-dxracer-nex-tg-gdn001-ns-1","url":"https:\/\/lemonde.azdigi.shop\/?product=ban-choi-game-dxracer-nex-tg-gdn001-ns-1","name":"B\u00e0n ch\u01a1i game DXRacer NEX TG-GDN001-NS-1 - Le Monde","isPartOf":{"@id":"https:\/\/lemonde.azdigi.shop\/#website"},"primaryImageOfPage":{"@id":"https:\/\/lemonde.azdigi.shop\/?product=ban-choi-game-dxracer-nex-tg-gdn001-ns-1#primaryimage"},"image":{"@id":"https:\/\/lemonde.azdigi.shop\/?product=ban-choi-game-dxracer-nex-tg-gdn001-ns-1#primaryimage"},"thumbnailUrl":"https:\/\/lemonde.azdigi.shop\/wp-content\/uploads\/2026\/04\/12237_5d1ffaac580842d38d478aca5b51228c_ad2d4856e14a4c949a115a87b6f1be00_master.png","datePublished":"2026-04-11T19:03:20+00:00","dateModified":"2026-04-11T19:03:21+00:00","breadcrumb":{"@id":"https:\/\/lemonde.azdigi.shop\/?product=ban-choi-game-dxracer-nex-tg-gdn001-ns-1#breadcrumb"},"inLanguage":"vi","potentialAction":[{"@type":"ReadAction","target":["https:\/\/lemonde.azdigi.shop\/?product=ban-choi-game-dxracer-nex-tg-gdn001-ns-1"]}]},{"@type":"ImageObject","inLanguage":"vi","@id":"https:\/\/lemonde.azdigi.shop\/?product=ban-choi-game-dxracer-nex-tg-gdn001-ns-1#primaryimage","url":"https:\/\/lemonde.azdigi.shop\/wp-content\/uploads\/2026\/04\/12237_5d1ffaac580842d38d478aca5b51228c_ad2d4856e14a4c949a115a87b6f1be00_master.png","contentUrl":"https:\/\/lemonde.azdigi.shop\/wp-content\/uploads\/2026\/04\/12237_5d1ffaac580842d38d478aca5b51228c_ad2d4856e14a4c949a115a87b6f1be00_master.png","width":1000,"height":695},{"@type":"BreadcrumbList","@id":"https:\/\/lemonde.azdigi.shop\/?product=ban-choi-game-dxracer-nex-tg-gdn001-ns-1#breadcrumb","itemListElement":[{"@type":"ListItem","position":1,"name":"Trang ch\u1ee7","item":"https:\/\/lemonde.azdigi.shop\/"},{"@type":"ListItem","position":2,"name":"C\u1eeda h\u00e0ng","item":"https:\/\/lemonde.azdigi.shop\/?page_id=65"},{"@type":"ListItem","position":3,"name":"B\u00e0n ch\u01a1i game DXRacer NEX TG-GDN001-NS-1"}]},{"@type":"WebSite","@id":"https:\/\/lemonde.azdigi.shop\/#website","url":"https:\/\/lemonde.azdigi.shop\/","name":"Le Monde","description":"","potentialAction":[{"@type":"SearchAction","target":{"@type":"EntryPoint","urlTemplate":"https:\/\/lemonde.azdigi.shop\/?s={search_term_string}"},"query-input":{"@type":"PropertyValueSpecification","valueRequired":true,"valueName":"search_term_string"}}],"inLanguage":"vi"}]}},"_links":{"self":[{"href":"https:\/\/lemonde.azdigi.shop\/index.php?rest_route=\/wp\/v2\/product\/302","targetHints":{"allow":["GET"]}}],"collection":[{"href":"https:\/\/lemonde.azdigi.shop\/index.php?rest_route=\/wp\/v2\/product"}],"about":[{"href":"https:\/\/lemonde.azdigi.shop\/index.php?rest_route=\/wp\/v2\/types\/product"}],"replies":[{"embeddable":true,"href":"https:\/\/lemonde.azdigi.shop\/index.php?rest_route=%2Fwp%2Fv2%2Fcomments&post=302"}],"wp:featuredmedia":[{"embeddable":true,"href":"https:\/\/lemonde.azdigi.shop\/index.php?rest_route=\/wp\/v2\/media\/305"}],"wp:attachment":[{"href":"https:\/\/lemonde.azdigi.shop\/index.php?rest_route=%2Fwp%2Fv2%2Fmedia&parent=302"}],"wp:term":[{"taxonomy":"product_brand","embeddable":true,"href":"https:\/\/lemonde.azdigi.shop\/index.php?rest_route=%2Fwp%2Fv2%2Fproduct_brand&post=302"},{"taxonomy":"product_cat","embeddable":true,"href":"https:\/\/lemonde.azdigi.shop\/index.php?rest_route=%2Fwp%2Fv2%2Fproduct_cat&post=302"},{"taxonomy":"product_tag","embeddable":true,"href":"https:\/\/lemonde.azdigi.shop\/index.php?rest_route=%2Fwp%2Fv2%2Fproduct_tag&post=302"}],"curies":[{"name":"wp","href":"https:\/\/api.w.org\/{rel}","templated":true}]}}